{"id":17125,"date":"2015-11-02T17:05:57","date_gmt":"2015-11-02T15:05:57","guid":{"rendered":"http:\/\/www.kle-blatt.de\/blog\/?page_id=17125"},"modified":"2025-07-09T10:02:04","modified_gmt":"2025-07-09T08:02:04","slug":"datenschutzerklaerung-blog","status":"publish","type":"page","link":"https:\/\/www.kle-blatt.de\/blog\/datenschutzerklaerung-blog","title":{"rendered":"Impressum &#038; Datenschutzerkl\u00e4rung BLOG"},"content":{"rendered":"<h1>IMPRESSUM<\/h1>\n<p>J\u00fcrgen Reintjes<\/p>\n<p>Buch-Autor und Reise-Journalist<\/p>\n<p><strong>Postanschrift:<\/strong><br \/>\nBreite Stra\u00dfe 28<br \/>\n47551 Bedburg-Hau<\/p>\n<p><strong>Kontakt:<\/strong><\/p>\n<p>Telefon: 02821-28987<br \/>\nE-Mail: j.reintjes@gmx.de<\/p>\n<p><strong>Vertreten durch:<\/strong><\/p>\n<p>J\u00fcrgen Reintjes<\/p>\n<p><strong>Umsatzsteuer-Identifikationsnummer<\/strong><\/p>\n<p>DE186012556<\/p>\n<blockquote class=\"wp-embedded-content\" data-secret=\"r64HTciayt\"><p><a href=\"http:\/\/ticci.de\/\">DER ULTIMATIVE REISEBERATER<\/a><\/p><\/blockquote>\n<p><iframe loading=\"lazy\" class=\"wp-embedded-content\" sandbox=\"allow-scripts\" security=\"restricted\" style=\"position: absolute; visibility: hidden;\" title=\"&#8222;DER ULTIMATIVE REISEBERATER&#8220; &#8212; WENN EINER EINE REISE TUT DANN HAT ER WAS ZU MECKERN\" src=\"http:\/\/ticci.de\/embed\/#?secret=lNk4t114fm#?secret=r64HTciayt\" data-secret=\"r64HTciayt\" width=\"600\" height=\"338\" frameborder=\"0\" marginwidth=\"0\" marginheight=\"0\" scrolling=\"no\"><\/iframe><\/p>\n<p><strong>Sehr geehrte Damen und Herren, liebe Freunde,<\/strong><br \/>\n<strong>da am 25. Mai 2018 die neue EU Datenschutz-Verordnung (DSGVO) in Kraft tritt, weisen wir darauf hin, dass wir Ihre E-Mail &#8211; Adresse und Ihren Namen lediglich benutzen, wenn Sie mit uns per E-Mail in Kontakt getreten sind, um Ihnen zu antworten.<\/strong><br \/>\n<strong>Diese Daten werden nicht an Dritte weitergeben oder anderen Anbietern zur Verf\u00fcgung gestellt. Das haben wir auch in der Vergangenheit nicht getan.<\/strong><br \/>\n<strong>Sollten Sie mit dieser Verwendung nicht einverstanden sein, lassen Sie uns dies bitte per Email wissen (info@kle-blatt.de).<\/strong><\/p>\n","protected":false},"excerpt":{"rendered":"<p>IMPRESSUM J\u00fcrgen Reintjes Buch-Autor und Reise-Journalist Postanschrift: Breite Stra\u00dfe 28 47551 Bedburg-Hau Kontakt: Telefon: 02821-28987 E-Mail: j.reintjes@gmx.de Vertreten durch: J\u00fcrgen &hellip; <a href=\"https:\/\/www.kle-blatt.de\/blog\/datenschutzerklaerung-blog\" class=\"more-link\"><span class=\"more-button\">Weiterlesen<span class=\"screen-reader-text\">Impressum &#038; Datenschutzerkl\u00e4rung BLOG<\/span><\/span><\/a><\/p>\n","protected":false},"author":2,"featured_media":0,"parent":0,"menu_order":0,"comment_status":"closed","ping_status":"closed","template":"","meta":{"footnotes":""},"class_list":["post-17125","page","type-page","status-publish","hentry"],"_links":{"self":[{"href":"https:\/\/www.kle-blatt.de\/blog\/wp-json\/wp\/v2\/pages\/17125","targetHints":{"allow":["GET"]}}],"collection":[{"href":"https:\/\/www.kle-blatt.de\/blog\/wp-json\/wp\/v2\/pages"}],"about":[{"href":"https:\/\/www.kle-blatt.de\/blog\/wp-json\/wp\/v2\/types\/page"}],"author":[{"embeddable":true,"href":"https:\/\/www.kle-blatt.de\/blog\/wp-json\/wp\/v2\/users\/2"}],"replies":[{"embeddable":true,"href":"https:\/\/www.kle-blatt.de\/blog\/wp-json\/wp\/v2\/comments?post=17125"}],"version-history":[{"count":5,"href":"https:\/\/www.kle-blatt.de\/blog\/wp-json\/wp\/v2\/pages\/17125\/revisions"}],"predecessor-version":[{"id":35569,"href":"https:\/\/www.kle-blatt.de\/blog\/wp-json\/wp\/v2\/pages\/17125\/revisions\/35569"}],"wp:attachment":[{"href":"https:\/\/www.kle-blatt.de\/blog\/wp-json\/wp\/v2\/media?parent=17125"}],"curies":[{"name":"wp","href":"https:\/\/api.w.org\/{rel}","templated":true}]}}